{"id":351,"date":"2021-09-25T06:53:54","date_gmt":"2021-09-25T03:53:54","guid":{"rendered":"https:\/\/demo.casethemes.net\/itfirm\/?page_id=351"},"modified":"2025-02-07T22:49:25","modified_gmt":"2025-02-07T19:49:25","slug":"kariyer","status":"publish","type":"page","link":"https:\/\/wtechin.com\/tr\/kariyer\/","title":{"rendered":"Kariyer"},"content":{"rendered":"\t\t<div data-elementor-type=\"wp-page\" data-elementor-id=\"351\" class=\"elementor elementor-351\" data-elementor-post-type=\"page\">\n\t\t\t\t        <section class=\"elementor-section elementor-top-section elementor-element elementor-element-b32f012 elementor-section-boxed elementor-section-height-default elementor-section-height-default ct-header-fixed-none ct-column-none ct-row-scroll-none ct-row-gradient--none\" data-id=\"b32f012\" data-element_type=\"section\">\n            \n                        <div class=\"elementor-container elementor-column-gap-extended \">\n                    <div class=\"elementor-column elementor-col-50 elementor-top-column elementor-element elementor-element-878fc41 ct-column-none col-offset-none col-color-offset-none\" data-id=\"878fc41\" data-element_type=\"column\">\n        <div class=\"elementor-widget-wrap elementor-element-populated\">\n                    \n        \t\t<div class=\"elementor-element elementor-element-cf71136 elementor-widget elementor-widget-ct_heading\" data-id=\"cf71136\" data-element_type=\"widget\" data-widget_type=\"ct_heading.default\">\n\t\t\t\t<div class=\"elementor-widget-container\">\n\t\t\t\t\t<div id=\"ct_heading-cf71136\" class=\"ct-heading h-align- item-st-default highlight-style1\">\r\n  <div class=\"ct-heading--inner\"> \r\n    <div class=\"ct-inline-css\"  data-css=\"\r\n                                \">\r\n    <\/div>\r\n  \r\n\t    <h3 class=\"item--title st-default \" data-wow-delay=\"ms\">\r\n        <span class=\"ct-text-inner\">Bizimle \u00e7al\u0131\u015fmak ister misiniz?<\/span>    <\/h3>\r\n  <\/div>\r\n<\/div>\r\n\t\t\t\t<\/div>\n\t\t\t\t<\/div>\n\t\t\t\t<div class=\"elementor-element elementor-element-da27b82 elementor-widget elementor-widget-ct_text_editor\" data-id=\"da27b82\" data-element_type=\"widget\" data-widget_type=\"ct_text_editor.default\">\n\t\t\t\t<div class=\"elementor-widget-container\">\n\t\t\t\t\t<div id=\"ct_text_editor-da27b82\" class=\"ct-text-editor \" data-wow-delay=\"ms\">\n\t<div class=\"ct-item--inner\">\n\t\t<div class=\"ct-inline-css\"  data-css=\"\n\t        \t\t\t\">\n\n\t    <\/div>\n\t\t<div class=\"ct-text-editor elementor-clearfix\">\n\t\t\t<p>Teknoloji de do\u011fru adres olan WTECHIN ekibine siz de kat\u0131lmak ister misiniz? Genel Ba\u015fvuru i\u00e7in a\u015fa\u011f\u0131daki adrese \u00f6z ge\u00e7mi\u015finizi g\u00f6nderin. IK ekibimizi sizin ile en k\u0131sa zamanda ileti\u015fime ge\u00e7ecektir.\u00a0\u00a0<\/p>\t\t\n\t\t<\/div>\n\t<\/div>\n<\/div>\t\t\t\t<\/div>\n\t\t\t\t<\/div>\n\t\t\t\t<div class=\"elementor-element elementor-element-e03a71b elementor-widget elementor-widget-ct_button\" data-id=\"e03a71b\" data-element_type=\"widget\" data-widget_type=\"ct_button.default\">\n\t\t\t\t<div class=\"elementor-widget-container\">\n\t\t\t\t\t<div id=\"ct_button-e03a71b\" class=\"ct-button-wrapper ct-button-layout1\">\r\n    <div class=\"ct-inline-css\"  data-css=\"\r\n                    #ct_button-e03a71b.ct-button-wrapper .btn {\r\n                background-image: -webkit-linear-gradient(90deg, #451E1C 0%, #D6273B 50%, #451E1C) !important;\r\n                background-image: -moz-linear-gradient(90deg, #451E1C 0%, #D6273B 50%, #451E1C) !important;\r\n                background-image: -ms-linear-gradient(90deg, #451E1C 0%, #D6273B 50%, #451E1C) !important;\r\n                background-image: -o-linear-gradient(90deg, #451E1C 0%, #D6273B 50%, #451E1C) !important;\r\n                background-image: linear-gradient(90deg, #451E1C 0%, #D6273B 50%, #451E1C) !important;\r\n                filter: progid:DXImageTransform.Microsoft.gradient(startColorStr='#451E1C', endColorStr='#D6273B') !important;\r\n                background-color: transparent !important;\r\n\r\n            }\r\n        \">\r\n    <\/div>\r\n\r\n            <span class=\"ct-icon-active\"><\/span>\r\n        <a href=\"mailto:ik@wtechin.com?subject=Genel Ba\u015fvuru\" class=\"btn btn-default  icon-ps- \" data-wow-delay=\"ms\">\r\n                            <span class=\"ct-button-icon ct-icon-normal ct-align-icon-\">\r\n                            <\/span>\r\n                <span class=\"ct-button-text\">\r\n            ik@wtechin.com        <\/span>\r\n    <\/a>\r\n<\/div>\t\t\t\t<\/div>\n\t\t\t\t<\/div>\n\t\t            <\/div>\n        <\/div>\n                <div class=\"elementor-column elementor-col-50 elementor-top-column elementor-element elementor-element-57a8924 ct-column-none col-offset-none col-color-offset-none\" data-id=\"57a8924\" data-element_type=\"column\">\n        <div class=\"elementor-widget-wrap elementor-element-populated\">\n                    \n        \t\t<div class=\"elementor-element elementor-element-aaf037f elementor-widget elementor-widget-ct_accordion\" data-id=\"aaf037f\" data-element_type=\"widget\" data-widget_type=\"ct_accordion.default\">\n\t\t\t\t<div class=\"elementor-widget-container\">\n\t\t\t\t\t    <div id=\"ct_accordion-aaf037f\" class=\"ct-accordion ct-accordion1   style1\" data-wow-duration=\"1.2s\">\r\n                    <div class=\"ct-accordion-item active\">\r\n                <div class=\"ct-ac-title active\" data-target=\"#e372094ct_accordion-aaf037f\">\r\n                    <a class=\"ct-ac-title-text\">IT Uzman\u0131                        <i class=\"ct-accordion-icon-plus\"><\/i>\r\n                    <\/a>\r\n                <\/div>\r\n                <div id=\"e372094ct_accordion-aaf037f\" class=\"ct-ac-content\" style=\"display:block;\"><\/div>\r\n            <\/div>\r\n            <\/div>\r\n\t\t\t\t<\/div>\n\t\t\t\t<\/div>\n\t\t            <\/div>\n        <\/div>\n                    <\/div>\n        <\/section>\n        \t\t<\/div>\n\t\t","protected":false},"excerpt":{"rendered":"<p>Bizimle \u00e7al\u0131\u015fmak ister misiniz? Teknoloji de do\u011fru adres olan WTECHIN ekibine siz de kat\u0131lmak ister misiniz? Genel Ba\u015fvuru i\u00e7in a\u015fa\u011f\u0131daki adrese \u00f6z ge\u00e7mi\u015finizi g\u00f6nderin. IK ekibimizi sizin ile en k\u0131sa zamanda ileti\u015fime ge\u00e7ecektir.\u00a0\u00a0 ik@wtechin.com IT Uzman\u0131<\/p>\n","protected":false},"author":1,"featured_media":0,"parent":0,"menu_order":0,"comment_status":"closed","ping_status":"closed","template":"","meta":{"inline_featured_image":false,"footnotes":""},"class_list":["post-351","page","type-page","status-publish","hentry"],"_links":{"self":[{"href":"https:\/\/wtechin.com\/tr\/wp-json\/wp\/v2\/pages\/351","targetHints":{"allow":["GET"]}}],"collection":[{"href":"https:\/\/wtechin.com\/tr\/wp-json\/wp\/v2\/pages"}],"about":[{"href":"https:\/\/wtechin.com\/tr\/wp-json\/wp\/v2\/types\/page"}],"author":[{"embeddable":true,"href":"https:\/\/wtechin.com\/tr\/wp-json\/wp\/v2\/users\/1"}],"replies":[{"embeddable":true,"href":"https:\/\/wtechin.com\/tr\/wp-json\/wp\/v2\/comments?post=351"}],"version-history":[{"count":9,"href":"https:\/\/wtechin.com\/tr\/wp-json\/wp\/v2\/pages\/351\/revisions"}],"predecessor-version":[{"id":9581,"href":"https:\/\/wtechin.com\/tr\/wp-json\/wp\/v2\/pages\/351\/revisions\/9581"}],"wp:attachment":[{"href":"https:\/\/wtechin.com\/tr\/wp-json\/wp\/v2\/media?parent=351"}],"curies":[{"name":"wp","href":"https:\/\/api.w.org\/{rel}","templated":true}]}}