{"id":8158,"date":"2023-08-22T00:00:24","date_gmt":"2023-08-21T21:00:24","guid":{"rendered":"https:\/\/wtechin.com\/tr\/?page_id=8158"},"modified":"2025-02-16T14:04:54","modified_gmt":"2025-02-16T11:04:54","slug":"yazilim-gelistirme","status":"publish","type":"page","link":"https:\/\/wtechin.com\/tr\/yazilim-gelistirme\/","title":{"rendered":"YAZILIM GEL\u0130\u015eT\u0130RME"},"content":{"rendered":"\t\t<div data-elementor-type=\"wp-page\" data-elementor-id=\"8158\" class=\"elementor elementor-8158\" data-elementor-post-type=\"page\">\n\t\t\t\t        <section class=\"elementor-section elementor-top-section elementor-element elementor-element-4d94beb1 elementor-section-height-min-height elementor-section-items-top elementor-section-content-top elementor-section-boxed elementor-section-height-default ct-header-fixed-none ct-column-none ct-row-scroll-none ct-row-gradient--none\" data-id=\"4d94beb1\" data-element_type=\"section\">\n            \n                        <div class=\"elementor-container elementor-column-gap-wide \">\n                    <div class=\"elementor-column elementor-col-100 elementor-top-column elementor-element elementor-element-1e995b8e ct-column-none col-offset-none col-color-offset-none\" data-id=\"1e995b8e\" data-element_type=\"column\">\n        <div class=\"elementor-widget-wrap elementor-element-populated\">\n                    \n        \t\t<div class=\"elementor-element elementor-element-1ddfe96 elementor-widget elementor-widget-text-editor\" data-id=\"1ddfe96\" data-element_type=\"widget\" data-widget_type=\"text-editor.default\">\n\t\t\t\t<div class=\"elementor-widget-container\">\n\t\t\t\t\t\t\t\t\t<p><strong>WTECHIN, yaz\u0131l\u0131m projelerinde \u00e7eviklik, h\u0131z ve g\u00fcven esas\u0131na dayal\u0131 y\u00fcksek kaliteli ve ortak ak\u0131l bilinci ile farkl\u0131l\u0131k yaratan \u00e7\u00f6z\u00fcmler geli\u015ftiriyor&#8230;<\/strong><\/p><p>Alan\u0131nda uzman WTECHIN Yaz\u0131l\u0131m Geli\u015ftirme ekiplerimiz\u00a0 ile gerek Web, Mobil ve IoT projelerini ba\u015far\u0131 ile tamamlamaktad\u0131r. Web Uygulamalar\u0131nda uzun s\u00fcredir .Net ve Java tabanl\u0131 web projeleri geli\u015ftirmenin yan\u0131 s\u0131ra Go, Python gibi programlama dillerinde bir\u00e7ok proje tamamlam\u0131\u015ft\u0131r. Ayr\u0131ca mobil platformlarda hem iOS hem de Android i\u015fletim sistemlerine y\u00f6nelik uygulamalar geli\u015ftirmektedir.<\/p><p>WTECHIN, ba\u015far\u0131 hedefine ula\u015fan proje s\u00fcre\u00e7leri i\u00e7in yaz\u0131l\u0131m geli\u015ftirme ana hizmeti alt\u0131nda\u00a04 ana kategoride \u00e7\u00f6z\u00fcm geli\u015ftirmektedir: Web Uygulama Geli\u015ftirme, Mobil Uygulama Geli\u015ftirme, IOT Uygulama Geli\u015ftirme ve Kurumsal \u00c7\u00f6z\u00fcm Geli\u015ftirme.<\/p>\t\t\t\t\t\t\t\t<\/div>\n\t\t\t\t<\/div>\n\t\t            <\/div>\n        <\/div>\n                    <\/div>\n        <\/section>\n                <section class=\"elementor-section elementor-top-section elementor-element elementor-element-1d434f6f elementor-section-stretched elementor-section-boxed elementor-section-height-default elementor-section-height-default ct-header-fixed-none ct-column-none ct-row-scroll-none ct-row-gradient--none\" data-id=\"1d434f6f\" data-element_type=\"section\" data-settings=\"{&quot;stretch_section&quot;:&quot;section-stretched&quot;}\">\n                            <div class=\"elementor-background-overlay\"><\/div>\n                \n                        <div class=\"elementor-container elementor-column-gap-narrow \">\n                    <div class=\"elementor-column elementor-col-100 elementor-top-column elementor-element elementor-element-5d9fd6c8 ct-column-sticky col-offset-none col-color-offset-none\" data-id=\"5d9fd6c8\" data-element_type=\"column\">\n        <div class=\"elementor-widget-wrap elementor-element-populated\">\n                    \n        \t\t<div class=\"elementor-element elementor-element-6d45dd84 elementor-widget elementor-widget-ct_service_carousel\" data-id=\"6d45dd84\" data-element_type=\"widget\" data-widget_type=\"ct_service_carousel.default\">\n\t\t\t\t<div class=\"elementor-widget-container\">\n\t\t\t\t\t    <div id=\"ct_service_carousel-6d45dd84\" class=\"ct-service-carousel1 ct-slick-slider\">\r\n        <div class=\"ct-carousel-inner\">\r\n            <div class=\"ct-slick-carousel ct-slick-arrow-middle\" data-arrows=\"\" data-dots=\"\" data-pauseOnHover=\"false\" data-autoplay=\"false\" data-autoplaySpeed=\"5000\" data-infinite=\"false\" data-speed=\"500\" data-colxs=\"2\" data-colsm=\"2\" data-colmd=\"2\" data-collg=\"2\" data-colxl=\"4\" data-dir=\"false\" data-slidesToScroll=\"2\">\r\n                                <div class=\"carousel-item slick-slide\">\r\n                        <div class=\"grid-item-inner \" data-wow-duration=\"1.2s\"> \r\n                            <div class=\"item--featured\">\r\n                                <a href=\"https:\/\/wtechin.com\/tr\/Hizmetler\/web-uygulama-gelistirme\/\"><img fetchpriority=\"high\" decoding=\"async\" class=\"no-lazyload \" src=\"https:\/\/wtechin.com\/tr\/wp-content\/uploads\/2021\/09\/service7-600x678.jpg\" width=\"600\" height=\"678\" alt=\"service7\" title=\"service7\" \/><\/a>\r\n                            <\/div>\r\n                            <div class=\"item--meta\">\r\n                                                                    <div class=\"item--icon\"><i class=\"flaticon-data-network\"><\/i><\/div>\r\n                                                                                                                                    <h3 class=\"item--title\">\r\n                                        Web Uygulama Geli\u015ftirme                                    <\/h3>\r\n                                                            <\/div>\r\n                            <div class=\"item--holder\">\r\n                                <div class=\"item--holder-inner\">\r\n                                                                            <h3 class=\"item--title\">\r\n                                                                                            Web Uygulama Geli\u015ftirme                                                                                    <\/h3>\r\n                                                                                                                                            <\/div>\r\n                            <\/div>\r\n                        <\/div>\r\n                    <\/div>\r\n                                                <div class=\"carousel-item slick-slide\">\r\n                        <div class=\"grid-item-inner \" data-wow-duration=\"1.2s\"> \r\n                            <div class=\"item--featured\">\r\n                                <a href=\"https:\/\/wtechin.com\/tr\/Hizmetler\/mobil-uygulama-gelistirme\/\"><img decoding=\"async\" class=\"no-lazyload \" src=\"https:\/\/wtechin.com\/tr\/wp-content\/uploads\/2023\/08\/crm-600x667.jpg\" width=\"600\" height=\"667\" alt=\"crm\" title=\"crm\" \/><\/a>\r\n                            <\/div>\r\n                            <div class=\"item--meta\">\r\n                                                                    <div class=\"item--icon\"><i class=\"fa fa-mobile\"><\/i><\/div>\r\n                                                                                                                                    <h3 class=\"item--title\">\r\n                                        Mobil Uygulama Geli\u015ftirme                                    <\/h3>\r\n                                                            <\/div>\r\n                            <div class=\"item--holder\">\r\n                                <div class=\"item--holder-inner\">\r\n                                                                            <h3 class=\"item--title\">\r\n                                                                                            Mobil Uygulama Geli\u015ftirme                                                                                    <\/h3>\r\n                                                                                                                                            <\/div>\r\n                            <\/div>\r\n                        <\/div>\r\n                    <\/div>\r\n                                                <div class=\"carousel-item slick-slide\">\r\n                        <div class=\"grid-item-inner \" data-wow-duration=\"1.2s\"> \r\n                            <div class=\"item--featured\">\r\n                                <a href=\"https:\/\/wtechin.com\/tr\/Hizmetler\/iot-uygulama-gelistirme\/\"><img decoding=\"async\" class=\"no-lazyload \" src=\"https:\/\/wtechin.com\/tr\/wp-content\/uploads\/2021\/12\/h5-bg-slider2-600x678.jpg\" width=\"600\" height=\"678\" alt=\"h5-bg-slider2\" title=\"h5-bg-slider2\" \/><\/a>\r\n                            <\/div>\r\n                            <div class=\"item--meta\">\r\n                                                                    <div class=\"item--icon\"><i class=\"flaticon-data-network\"><\/i><\/div>\r\n                                                                                                                                    <h3 class=\"item--title\">\r\n                                        IOT Uygulama Geli\u015ftirme                                    <\/h3>\r\n                                                            <\/div>\r\n                            <div class=\"item--holder\">\r\n                                <div class=\"item--holder-inner\">\r\n                                                                            <h3 class=\"item--title\">\r\n                                                                                            IOT Uygulama Geli\u015ftirme                                                                                    <\/h3>\r\n                                                                                                                                            <\/div>\r\n                            <\/div>\r\n                        <\/div>\r\n                    <\/div>\r\n                                                <div class=\"carousel-item slick-slide\">\r\n                        <div class=\"grid-item-inner \" data-wow-duration=\"1.2s\"> \r\n                            <div class=\"item--featured\">\r\n                                <a href=\"https:\/\/wtechin.com\/tr\/Hizmetler\/kurumsal-cozum-gelistirme\/\"><img loading=\"lazy\" decoding=\"async\" class=\"no-lazyload \" src=\"https:\/\/wtechin.com\/tr\/wp-content\/uploads\/2023\/08\/business-development-team-600x678.jpg\" width=\"600\" height=\"678\" alt=\"business-development-team\" title=\"business-development-team\" \/><\/a>\r\n                            <\/div>\r\n                            <div class=\"item--meta\">\r\n                                                                    <div class=\"item--icon\"><i class=\"flaticon-data-network\"><\/i><\/div>\r\n                                                                                                                                    <h3 class=\"item--title\">\r\n                                        Kurumsal \u00c7\u00f6z\u00fcm Geli\u015ftirme                                    <\/h3>\r\n                                                            <\/div>\r\n                            <div class=\"item--holder\">\r\n                                <div class=\"item--holder-inner\">\r\n                                                                            <h3 class=\"item--title\">\r\n                                                                                            Kurumsal \u00c7\u00f6z\u00fcm Geli\u015ftirme                                                                                    <\/h3>\r\n                                                                                                                                            <\/div>\r\n                            <\/div>\r\n                        <\/div>\r\n                    <\/div>\r\n                                        <\/div>\r\n        <\/div>\r\n    <\/div>\r\n\t\t\t\t<\/div>\n\t\t\t\t<\/div>\n\t\t            <\/div>\n        <\/div>\n                    <\/div>\n        <\/section>\n                <section class=\"elementor-section elementor-top-section elementor-element elementor-element-657825d elementor-section-boxed elementor-section-height-default elementor-section-height-default ct-header-fixed-none ct-column-none ct-row-scroll-none ct-row-gradient--none\" data-id=\"657825d\" data-element_type=\"section\">\n            \n                        <div class=\"elementor-container elementor-column-gap-wide \">\n                    <div class=\"elementor-column elementor-col-100 elementor-top-column elementor-element elementor-element-75f5aa10 ct-column-none col-offset-none col-color-offset-none\" data-id=\"75f5aa10\" data-element_type=\"column\">\n        <div class=\"elementor-widget-wrap elementor-element-populated\">\n                    \n        \t\t<div class=\"elementor-element elementor-element-2ca5bc6 elementor-widget elementor-widget-heading\" data-id=\"2ca5bc6\" data-element_type=\"widget\" data-widget_type=\"heading.default\">\n\t\t\t\t<div class=\"elementor-widget-container\">\n\t\t\t\t\t<h5 class=\"elementor-heading-title elementor-size-default\">Yaz\u0131l\u0131m Geli\u015ftirmede WTECHIN Fark\u0131<\/h5>\t\t\t\t<\/div>\n\t\t\t\t<\/div>\n\t\t        <section class=\"elementor-section elementor-inner-section elementor-element elementor-element-598e5f4f elementor-section-boxed elementor-section-height-default elementor-section-height-default ct-header-fixed-none ct-column-none ct-row-scroll-none ct-row-gradient--none\" data-id=\"598e5f4f\" data-element_type=\"section\">\n            \n                        <div class=\"elementor-container elementor-column-gap-default \">\n                    <div class=\"elementor-column elementor-col-33 elementor-inner-column elementor-element elementor-element-240f275c ct-column-none col-offset-none col-color-offset-none\" data-id=\"240f275c\" data-element_type=\"column\">\n        <div class=\"elementor-widget-wrap elementor-element-populated\">\n                    \n        \t\t<div class=\"elementor-element elementor-element-c6b7336 elementor-position-left elementor-vertical-align-middle elementor-view-default elementor-mobile-position-top elementor-widget elementor-widget-icon-box\" data-id=\"c6b7336\" data-element_type=\"widget\" data-widget_type=\"icon-box.default\">\n\t\t\t\t<div class=\"elementor-widget-container\">\n\t\t\t\t\t\t\t<div class=\"elementor-icon-box-wrapper\">\n\n\t\t\t\t\t\t<div class=\"elementor-icon-box-icon\">\n\t\t\t\t<span  class=\"elementor-icon\">\n\t\t\t\t<i aria-hidden=\"true\" class=\"flaticon flaticon-verified-user\"><\/i>\t\t\t\t<\/span>\n\t\t\t<\/div>\n\t\t\t\n\t\t\t\t\t\t<div class=\"elementor-icon-box-content\">\n\n\t\t\t\t\t\t\t\t\t<span class=\"elementor-icon-box-title\">\n\t\t\t\t\t\t<span  >\n\t\t\t\t\t\t\t15+ Y\u0131ll\u0131k Sekt\u00f6r Deneyimli Ekibimiz ile hizmet veriyoruz.\t\t\t\t\t\t<\/span>\n\t\t\t\t\t<\/span>\n\t\t\t\t\n\t\t\t\t\n\t\t\t<\/div>\n\t\t\t\n\t\t<\/div>\n\t\t\t\t\t\t<\/div>\n\t\t\t\t<\/div>\n\t\t\t\t<div class=\"elementor-element elementor-element-ba276a2 elementor-position-left elementor-vertical-align-middle elementor-view-default elementor-mobile-position-top elementor-widget elementor-widget-icon-box\" data-id=\"ba276a2\" data-element_type=\"widget\" data-widget_type=\"icon-box.default\">\n\t\t\t\t<div class=\"elementor-widget-container\">\n\t\t\t\t\t\t\t<div class=\"elementor-icon-box-wrapper\">\n\n\t\t\t\t\t\t<div class=\"elementor-icon-box-icon\">\n\t\t\t\t<span  class=\"elementor-icon\">\n\t\t\t\t<i aria-hidden=\"true\" class=\"flaticon flaticon-result\"><\/i>\t\t\t\t<\/span>\n\t\t\t<\/div>\n\t\t\t\n\t\t\t\t\t\t<div class=\"elementor-icon-box-content\">\n\n\t\t\t\t\t\t\t\t\t<span class=\"elementor-icon-box-title\">\n\t\t\t\t\t\t<span  >\n\t\t\t\t\t\t\tISO 9001:2015, ISO \/ IEC 15504 (SPICE 2) ve ISO 27001:2015 sahibiz.\t\t\t\t\t\t<\/span>\n\t\t\t\t\t<\/span>\n\t\t\t\t\n\t\t\t\t\n\t\t\t<\/div>\n\t\t\t\n\t\t<\/div>\n\t\t\t\t\t\t<\/div>\n\t\t\t\t<\/div>\n\t\t            <\/div>\n        <\/div>\n                <div class=\"elementor-column elementor-col-33 elementor-inner-column elementor-element elementor-element-731fbef3 ct-column-none col-offset-none col-color-offset-none\" data-id=\"731fbef3\" data-element_type=\"column\">\n        <div class=\"elementor-widget-wrap elementor-element-populated\">\n                    \n        \t\t<div class=\"elementor-element elementor-element-55a4466c elementor-position-left elementor-vertical-align-middle elementor-view-default elementor-mobile-position-top elementor-widget elementor-widget-icon-box\" data-id=\"55a4466c\" data-element_type=\"widget\" data-widget_type=\"icon-box.default\">\n\t\t\t\t<div class=\"elementor-widget-container\">\n\t\t\t\t\t\t\t<div class=\"elementor-icon-box-wrapper\">\n\n\t\t\t\t\t\t<div class=\"elementor-icon-box-icon\">\n\t\t\t\t<span  class=\"elementor-icon\">\n\t\t\t\t<i aria-hidden=\"true\" class=\"flaticon flaticon-settings-1\"><\/i>\t\t\t\t<\/span>\n\t\t\t<\/div>\n\t\t\t\n\t\t\t\t\t\t<div class=\"elementor-icon-box-content\">\n\n\t\t\t\t\t\t\t\t\t<span class=\"elementor-icon-box-title\">\n\t\t\t\t\t\t<span  >\n\t\t\t\t\t\t\tTeknoljik \u00dcr\u00fcn Geli\u015ftirme Yetkinli\u011fi(T\u00dcR Belgesi)\t\t\t\t\t\t<\/span>\n\t\t\t\t\t<\/span>\n\t\t\t\t\n\t\t\t\t\n\t\t\t<\/div>\n\t\t\t\n\t\t<\/div>\n\t\t\t\t\t\t<\/div>\n\t\t\t\t<\/div>\n\t\t\t\t<div class=\"elementor-element elementor-element-5d1305d1 elementor-position-left elementor-vertical-align-middle elementor-view-default elementor-mobile-position-top elementor-widget elementor-widget-icon-box\" data-id=\"5d1305d1\" data-element_type=\"widget\" data-widget_type=\"icon-box.default\">\n\t\t\t\t<div class=\"elementor-widget-container\">\n\t\t\t\t\t\t\t<div class=\"elementor-icon-box-wrapper\">\n\n\t\t\t\t\t\t<div class=\"elementor-icon-box-icon\">\n\t\t\t\t<span  class=\"elementor-icon\">\n\t\t\t\t<i aria-hidden=\"true\" class=\"far fa-building\"><\/i>\t\t\t\t<\/span>\n\t\t\t<\/div>\n\t\t\t\n\t\t\t\t\t\t<div class=\"elementor-icon-box-content\">\n\n\t\t\t\t\t\t\t\t\t<span class=\"elementor-icon-box-title\">\n\t\t\t\t\t\t<span  >\n\t\t\t\t\t\t\tAnkara\u2019da Ar-Ge merkezlerimiz bulunuyor.\t\t\t\t\t\t<\/span>\n\t\t\t\t\t<\/span>\n\t\t\t\t\n\t\t\t\t\n\t\t\t<\/div>\n\t\t\t\n\t\t<\/div>\n\t\t\t\t\t\t<\/div>\n\t\t\t\t<\/div>\n\t\t            <\/div>\n        <\/div>\n                <div class=\"elementor-column elementor-col-33 elementor-inner-column elementor-element elementor-element-68df2ec2 ct-column-none col-offset-none col-color-offset-none\" data-id=\"68df2ec2\" data-element_type=\"column\">\n        <div class=\"elementor-widget-wrap elementor-element-populated\">\n                    \n        \t\t<div class=\"elementor-element elementor-element-19c90ded elementor-position-left elementor-vertical-align-middle elementor-view-default elementor-mobile-position-top elementor-widget elementor-widget-icon-box\" data-id=\"19c90ded\" data-element_type=\"widget\" data-widget_type=\"icon-box.default\">\n\t\t\t\t<div class=\"elementor-widget-container\">\n\t\t\t\t\t\t\t<div class=\"elementor-icon-box-wrapper\">\n\n\t\t\t\t\t\t<div class=\"elementor-icon-box-icon\">\n\t\t\t\t<span  class=\"elementor-icon\">\n\t\t\t\t<i aria-hidden=\"true\" class=\"flaticon flaticon-success\"><\/i>\t\t\t\t<\/span>\n\t\t\t<\/div>\n\t\t\t\n\t\t\t\t\t\t<div class=\"elementor-icon-box-content\">\n\n\t\t\t\t\t\t\t\t\t<span class=\"elementor-icon-box-title\">\n\t\t\t\t\t\t<span  >\n\t\t\t\t\t\t\t100'den fazla yaz\u0131l\u0131m projesini ba\u015far\u0131yla tamamlad\u0131k.\t\t\t\t\t\t<\/span>\n\t\t\t\t\t<\/span>\n\t\t\t\t\n\t\t\t\t\n\t\t\t<\/div>\n\t\t\t\n\t\t<\/div>\n\t\t\t\t\t\t<\/div>\n\t\t\t\t<\/div>\n\t\t            <\/div>\n        <\/div>\n                    <\/div>\n        <\/section>\n                    <\/div>\n        <\/div>\n                    <\/div>\n        <\/section>\n                <section class=\"elementor-section elementor-top-section elementor-element elementor-element-54719f87 elementor-section-boxed elementor-section-height-default elementor-section-height-default ct-header-fixed-none ct-column-none ct-row-scroll-none ct-row-gradient--none\" data-id=\"54719f87\" data-element_type=\"section\" data-settings=\"{&quot;background_background&quot;:&quot;classic&quot;}\">\n            \n                        <div class=\"elementor-container elementor-column-gap-wide \">\n                    <div class=\"elementor-column elementor-col-100 elementor-top-column elementor-element elementor-element-5a661789 ct-column-none col-offset-none col-color-offset-none\" data-id=\"5a661789\" data-element_type=\"column\">\n        <div class=\"elementor-widget-wrap elementor-element-populated\">\n                    \n        \t\t<div class=\"elementor-element elementor-element-18dce8e0 elementor-widget elementor-widget-heading\" data-id=\"18dce8e0\" data-element_type=\"widget\" data-widget_type=\"heading.default\">\n\t\t\t\t<div class=\"elementor-widget-container\">\n\t\t\t\t\t<h5 class=\"elementor-heading-title elementor-size-default\">Ba\u015far\u0131l\u0131 Bir Yaz\u0131l\u0131m Projesi i\u00e7in Do\u011fru Yerdesiniz!<\/h5>\t\t\t\t<\/div>\n\t\t\t\t<\/div>\n\t\t        <section class=\"elementor-section elementor-inner-section elementor-element elementor-element-246c58f0 elementor-section-boxed elementor-section-height-default elementor-section-height-default ct-header-fixed-none ct-column-none ct-row-scroll-none ct-row-gradient--none\" data-id=\"246c58f0\" data-element_type=\"section\">\n            \n                        <div class=\"elementor-container elementor-column-gap-default \">\n                    <div class=\"elementor-column elementor-col-50 elementor-inner-column elementor-element elementor-element-623cc8f0 ct-column-none col-offset-none col-color-offset-none\" data-id=\"623cc8f0\" data-element_type=\"column\">\n        <div class=\"elementor-widget-wrap elementor-element-populated\">\n                    \n        \t\t<div class=\"elementor-element elementor-element-8b4c650 elementor-widget elementor-widget-text-editor\" data-id=\"8b4c650\" data-element_type=\"widget\" data-widget_type=\"text-editor.default\">\n\t\t\t\t<div class=\"elementor-widget-container\">\n\t\t\t\t\t\t\t\t\t<p>D\u00fcnya genelinde yaz\u0131l\u0131m projelerinin sadece %30\u2019u ba\u015far\u0131l\u0131 olabilmektedir. Projelerimizde Agile\/\u00c7evik proje y\u00f6netim metodijilerini benimseyen WTECHIN Yaz\u0131l\u0131m olarak \u015fu 5 ko\u015fulu ger\u00e7ekle\u015ftirerek, 100\u2019den fazla projeyi ba\u015far\u0131 kriterlerini ula\u015farak tamamlam\u0131\u015ft\u0131r:<\/p><ul><li>Do\u011fru i\u015f analizi s\u00fcreci<\/li><li>\u0130htiyaca y\u00f6nelik Do\u011fru teknoloji se\u00e7imi<\/li><li>Do\u011fru yaz\u0131l\u0131m ekibi se\u00e7imi<\/li><li>Do\u011fru proje y\u00f6netim metodolojisi se\u00e7imi<\/li><li>Do\u011fru s\u00fcre\u00e7 y\u00f6netimi<\/li><\/ul>\t\t\t\t\t\t\t\t<\/div>\n\t\t\t\t<\/div>\n\t\t            <\/div>\n        <\/div>\n                <div class=\"elementor-column elementor-col-50 elementor-inner-column elementor-element elementor-element-6c12acdc ct-column-none col-offset-none col-color-offset-none\" data-id=\"6c12acdc\" data-element_type=\"column\">\n        <div class=\"elementor-widget-wrap elementor-element-populated\">\n                    \n        \t\t<div class=\"elementor-element elementor-element-b6144c4 elementor-widget elementor-widget-image\" data-id=\"b6144c4\" data-element_type=\"widget\" data-widget_type=\"image.default\">\n\t\t\t\t<div class=\"elementor-widget-container\">\n\t\t\t\t\t\t\t\t\t\t\t\t\t\t\t<img loading=\"lazy\" decoding=\"async\" width=\"640\" height=\"461\" src=\"https:\/\/wtechin.com\/tr\/wp-content\/uploads\/2025\/01\/WhatsApp-Image-2025-01-21-at-04.04.57-1024x738.jpeg\" class=\"attachment-large size-large wp-image-8951\" alt=\"\" srcset=\"https:\/\/wtechin.com\/tr\/wp-content\/uploads\/2025\/01\/WhatsApp-Image-2025-01-21-at-04.04.57-1024x738.jpeg 1024w, https:\/\/wtechin.com\/tr\/wp-content\/uploads\/2025\/01\/WhatsApp-Image-2025-01-21-at-04.04.57-300x216.jpeg 300w, https:\/\/wtechin.com\/tr\/wp-content\/uploads\/2025\/01\/WhatsApp-Image-2025-01-21-at-04.04.57-768x553.jpeg 768w, https:\/\/wtechin.com\/tr\/wp-content\/uploads\/2025\/01\/WhatsApp-Image-2025-01-21-at-04.04.57-1536x1107.jpeg 1536w, https:\/\/wtechin.com\/tr\/wp-content\/uploads\/2025\/01\/WhatsApp-Image-2025-01-21-at-04.04.57.jpeg 1600w\" sizes=\"(max-width: 640px) 100vw, 640px\" \/>\t\t\t\t\t\t\t\t\t\t\t\t\t\t\t<\/div>\n\t\t\t\t<\/div>\n\t\t            <\/div>\n        <\/div>\n                    <\/div>\n        <\/section>\n                    <\/div>\n        <\/div>\n                    <\/div>\n        <\/section>\n        \t\t<\/div>\n\t\t","protected":false},"excerpt":{"rendered":"<p>WTECHIN, yaz\u0131l\u0131m projelerinde \u00e7eviklik, h\u0131z ve g\u00fcven esas\u0131na dayal\u0131 y\u00fcksek kaliteli ve ortak ak\u0131l bilinci ile farkl\u0131l\u0131k yaratan \u00e7\u00f6z\u00fcmler geli\u015ftiriyor&#8230; Alan\u0131nda uzman WTECHIN Yaz\u0131l\u0131m Geli\u015ftirme ekiplerimiz\u00a0 ile gerek Web, Mobil ve IoT projelerini ba\u015far\u0131 ile tamamlamaktad\u0131r. Web Uygulamalar\u0131nda uzun s\u00fcredir .Net ve Java tabanl\u0131 web projeleri geli\u015ftirmenin yan\u0131 s\u0131ra Go, Python gibi programlama dillerinde bir\u00e7ok [&hellip;]<\/p>\n","protected":false},"author":2,"featured_media":0,"parent":0,"menu_order":0,"comment_status":"closed","ping_status":"closed","template":"redux-templates_contained","meta":{"inline_featured_image":false,"footnotes":""},"class_list":["post-8158","page","type-page","status-publish","hentry"],"_links":{"self":[{"href":"https:\/\/wtechin.com\/tr\/wp-json\/wp\/v2\/pages\/8158","targetHints":{"allow":["GET"]}}],"collection":[{"href":"https:\/\/wtechin.com\/tr\/wp-json\/wp\/v2\/pages"}],"about":[{"href":"https:\/\/wtechin.com\/tr\/wp-json\/wp\/v2\/types\/page"}],"author":[{"embeddable":true,"href":"https:\/\/wtechin.com\/tr\/wp-json\/wp\/v2\/users\/2"}],"replies":[{"embeddable":true,"href":"https:\/\/wtechin.com\/tr\/wp-json\/wp\/v2\/comments?post=8158"}],"version-history":[{"count":36,"href":"https:\/\/wtechin.com\/tr\/wp-json\/wp\/v2\/pages\/8158\/revisions"}],"predecessor-version":[{"id":9805,"href":"https:\/\/wtechin.com\/tr\/wp-json\/wp\/v2\/pages\/8158\/revisions\/9805"}],"wp:attachment":[{"href":"https:\/\/wtechin.com\/tr\/wp-json\/wp\/v2\/media?parent=8158"}],"curies":[{"name":"wp","href":"https:\/\/api.w.org\/{rel}","templated":true}]}}