{"id":8633,"date":"2024-05-20T12:11:59","date_gmt":"2024-05-20T09:11:59","guid":{"rendered":"https:\/\/wtechin.com\/tr\/?page_id=8633"},"modified":"2025-02-04T17:35:35","modified_gmt":"2025-02-04T14:35:35","slug":"27001-bgys-politikasi","status":"publish","type":"page","link":"https:\/\/wtechin.com\/tr\/27001-bgys-politikasi\/","title":{"rendered":"27001 BGYS Politikas\u0131"},"content":{"rendered":"\t\t<div data-elementor-type=\"wp-page\" data-elementor-id=\"8633\" class=\"elementor elementor-8633\" data-elementor-post-type=\"page\">\n\t\t\t\t        <section class=\"elementor-section elementor-top-section elementor-element elementor-element-70ac4df elementor-section-boxed elementor-section-height-default elementor-section-height-default ct-header-fixed-none ct-column-none ct-row-scroll-none ct-row-gradient--none\" data-id=\"70ac4df\" data-element_type=\"section\">\n            \n                        <div class=\"elementor-container elementor-column-gap-default \">\n                    <div class=\"elementor-column elementor-col-100 elementor-top-column elementor-element elementor-element-8f5be06 ct-column-none col-offset-none col-color-offset-none\" data-id=\"8f5be06\" data-element_type=\"column\">\n        <div class=\"elementor-widget-wrap elementor-element-populated\">\n                    \n        \t\t<div class=\"elementor-element elementor-element-c2648a6 elementor-widget elementor-widget-heading\" data-id=\"c2648a6\" data-element_type=\"widget\" data-widget_type=\"heading.default\">\n\t\t\t\t<div class=\"elementor-widget-container\">\n\t\t\t\t\t<h3 class=\"elementor-heading-title elementor-size-default\">B\u0130LG\u0130 G\u00dcVENL\u0130\u011e\u0130 POL\u0130T\u0130KASI\n\n<\/h3>\t\t\t\t<\/div>\n\t\t\t\t<\/div>\n\t\t            <\/div>\n        <\/div>\n                    <\/div>\n        <\/section>\n                <section class=\"elementor-section elementor-top-section elementor-element elementor-element-1244319e elementor-section-boxed elementor-section-height-default elementor-section-height-default ct-header-fixed-none ct-column-none ct-row-scroll-none ct-row-gradient--none\" data-id=\"1244319e\" data-element_type=\"section\">\n            \n                        <div class=\"elementor-container elementor-column-gap-default \">\n                    <div class=\"elementor-column elementor-col-100 elementor-top-column elementor-element elementor-element-62d67adc ct-column-none col-offset-none col-color-offset-none\" data-id=\"62d67adc\" data-element_type=\"column\">\n        <div class=\"elementor-widget-wrap elementor-element-populated\">\n                    \n        \t\t<div class=\"elementor-element elementor-element-78befae4 elementor-widget elementor-widget-text-editor\" data-id=\"78befae4\" data-element_type=\"widget\" data-widget_type=\"text-editor.default\">\n\t\t\t\t<div class=\"elementor-widget-container\">\n\t\t\t\t\t\t\t\t\t<p>Firmam\u0131z ;<\/p><p><span class=\"s7\">B\u0130LG\u0130 S\u0130STEMLER\u0130 ALTYAPILARINA A\u0130T DONANIM VE YAZILIM SATI\u015eI, DEMO, KURULUM, B\u0130LG\u0130SAYAR PROGRAMLAMA VE YAZILIM GEL\u0130\u015eT\u0130RME FAAL\u0130YETLER\u0130 (S\u0130STEM, VER\u0130 TABANI, NETWORK, WEB SAYFASI YAZILIMLARI, KODLANMASI), YER\u0130NDE VE UZAKTAN TEKN\u0130K DESTEK H\u0130ZMETLER\u0130 \u0130LE BU FAAL\u0130YETLERE A\u0130T DANI\u015eMANLIK VE M\u00dcHEND\u0130SL\u0130K H\u0130ZMETLER\u0130<\/span> <a name=\"_GoBack\"><\/a>hizmeti vermektedir.<\/p><p style=\"text-align: center;\">Firmam\u0131z gizlilik, b\u00fct\u00fcnl\u00fck ve t\u00fcm fiziksel ve elektronik bilgi varl\u0131klar\u0131n\u0131 korumaya Taahh\u00fct etmektedir. Bilgi ve bilgi g\u00fcvenli\u011fi gereksinimleri kurumsal hedeflerimiz ile ayn\u0131 do\u011frultuda olacakt\u0131r. Firmam\u0131z\u0131n y\u00f6netimi de\u011fi\u015fime a\u00e7\u0131k, iyi e\u011fitim alm\u0131\u015f, konusunda yetkin personel istihdam\u0131 sa\u011flayacak ve sekt\u00f6r i\u00e7erisinde rakiplerimizle rekabeti sa\u011flayacak finansman\u0131 sa\u011flamak, yeterli donan\u0131m ve alt yap\u0131 bulunduracakt\u0131r. Bu alt yap\u0131 ve personel ile birlikte gereli finansmanda sa\u011flanacakt\u0131r. \u0130\u015f s\u00fcreklili\u011fi ve acil durum planlar\u0131, veri yedekleme prosed\u00fcr\u00fc, vir\u00fcslerden ve bilgisayar korsanlar\u0131ndan sak\u0131nma, eri\u015fim kontrol sistemleri ve bilgi g\u00fcvenli\u011fi ihlal bildirimi temelfaaliyetlerimizin temel ta\u015flar\u0131n\u0131 olu\u015fturacakt\u0131r. Yap\u0131lan risk de\u011ferlendirmeleri sonucunda elde edilen a\u00e7\u0131klar ve tehditler bertaraf edilerek m\u00fc\u015fteri ve personelimizin bilgilerine g\u00fcvenli eri\u015fim sa\u011flanacakt\u0131r.<\/p><p class=\"s6\" style=\"text-align: center;\"><span class=\"s8\">Ayr\u0131ca risk de\u011ferlendirmeleri sonucunda ama\u00e7lar\u0131m\u0131z\u0131 belirleyip bu ama\u00e7lar\u0131m ba\u015far\u0131lmas\u0131 i\u00e7in gerekli<\/span> <span class=\"s8\">olan kaynaklar ve \u015fartlar sa\u011flanacakt\u0131r.<\/span><\/p><p class=\"s6\" style=\"text-align: center;\"><span class=\"s8\">Y\u00f6netim sistemi \u015fartlar\u0131n\u0131 \u00e7al\u0131\u015fma bi\u00e7imi haline getirmelerini beklemekteyiz. T\u00fcm personel belirli \u00fc\u00e7\u00fcnc\u00fc taraflar\u0131n Bilgi G\u00fcvenli\u011fi Y\u00f6netim Sistemi ile<\/span> <span class=\"s8\">\u0130lgili uygun e\u011fitimleri almas\u0131 sa\u011flanacakt\u0131r.<\/span><\/p><p class=\"s6\" style=\"text-align: center;\"><span class=\"s8\">Bilgi g\u00fcvenli\u011fi ile ilgili uygulanabilir \u015fartlar ve bu <\/span><span class=\"s8\">\u015fartlar\u0131n getirdi\u011fi<\/span><span class=\"s8\">f\u0131rsatlar ve<\/span><span class=\"s8\"> gereklilikler yerine getirilecek ve bu \u015fartlar<\/span><span class=\"s8\">\u0131n getirdi\u011fi f\u0131rsatlar ve gereklilikler yerine getirilecek ve bu \u015fartlar s\u00fcrekli iyile\u015ftirilecektir. Ayr\u0131ca firmam\u0131z\u0131n gereklilikler yerine getirilecek bu \u015fartlar s\u00fcrekli iyile\u015ftirilecektir. Ayr\u0131ca firmam\u0131z\u0131n, personelimizin ve t\u00fcm ilgili taraflar\u0131n bu sisteme adaptasyonu sa\u011flayacakt\u0131r.<\/span><\/p><p class=\"s6\" style=\"text-align: center;\"><span class=\"s8\">Bilgi g\u00fcvenli\u011fi politikam\u0131z y\u0131lda bir kez ya da firmam\u0131zla ilgili \u00f6nemli de\u011fi\u015fikliklerin olmas\u0131 durumunda uygunlu\u011funu, do\u011frulu\u011funu ve etkinli\u011fini sa\u011flamak i\u00e7in y\u00f6netim ve birim sorumlular\u0131n\u0131n kat\u0131l\u0131m\u0131yla g\u00f6zden ge\u00e7irilmekte ve g\u00fcncelli\u011fi sa\u011flanmaktad\u0131r.<\/span><\/p><p class=\"s9\" style=\"text-align: right;\"><span class=\"s8\">Genel M\u00fcd\u00fcr<\/span><\/p>\t\t\t\t\t\t\t\t<\/div>\n\t\t\t\t<\/div>\n\t\t            <\/div>\n        <\/div>\n                    <\/div>\n        <\/section>\n        \t\t<\/div>\n\t\t","protected":false},"excerpt":{"rendered":"<p>B\u0130LG\u0130 G\u00dcVENL\u0130\u011e\u0130 POL\u0130T\u0130KASI Firmam\u0131z ; B\u0130LG\u0130 S\u0130STEMLER\u0130 ALTYAPILARINA A\u0130T DONANIM VE YAZILIM SATI\u015eI, DEMO, KURULUM, B\u0130LG\u0130SAYAR PROGRAMLAMA VE YAZILIM GEL\u0130\u015eT\u0130RME FAAL\u0130YETLER\u0130 (S\u0130STEM, VER\u0130 TABANI, NETWORK, WEB SAYFASI YAZILIMLARI, KODLANMASI), YER\u0130NDE VE UZAKTAN TEKN\u0130K DESTEK H\u0130ZMETLER\u0130 \u0130LE BU FAAL\u0130YETLERE A\u0130T DANI\u015eMANLIK VE M\u00dcHEND\u0130SL\u0130K H\u0130ZMETLER\u0130 hizmeti vermektedir. Firmam\u0131z gizlilik, b\u00fct\u00fcnl\u00fck ve t\u00fcm fiziksel ve elektronik bilgi varl\u0131klar\u0131n\u0131 [&hellip;]<\/p>\n","protected":false},"author":1,"featured_media":0,"parent":0,"menu_order":0,"comment_status":"closed","ping_status":"closed","template":"elementor_theme","meta":{"inline_featured_image":false,"footnotes":""},"class_list":["post-8633","page","type-page","status-publish","hentry"],"_links":{"self":[{"href":"https:\/\/wtechin.com\/tr\/wp-json\/wp\/v2\/pages\/8633","targetHints":{"allow":["GET"]}}],"collection":[{"href":"https:\/\/wtechin.com\/tr\/wp-json\/wp\/v2\/pages"}],"about":[{"href":"https:\/\/wtechin.com\/tr\/wp-json\/wp\/v2\/types\/page"}],"author":[{"embeddable":true,"href":"https:\/\/wtechin.com\/tr\/wp-json\/wp\/v2\/users\/1"}],"replies":[{"embeddable":true,"href":"https:\/\/wtechin.com\/tr\/wp-json\/wp\/v2\/comments?post=8633"}],"version-history":[{"count":27,"href":"https:\/\/wtechin.com\/tr\/wp-json\/wp\/v2\/pages\/8633\/revisions"}],"predecessor-version":[{"id":9363,"href":"https:\/\/wtechin.com\/tr\/wp-json\/wp\/v2\/pages\/8633\/revisions\/9363"}],"wp:attachment":[{"href":"https:\/\/wtechin.com\/tr\/wp-json\/wp\/v2\/media?parent=8633"}],"curies":[{"name":"wp","href":"https:\/\/api.w.org\/{rel}","templated":true}]}}