{"id":9505,"date":"2025-02-06T03:55:16","date_gmt":"2025-02-06T00:55:16","guid":{"rendered":"https:\/\/wtechin.com\/tr\/?page_id=9505"},"modified":"2025-02-21T10:27:18","modified_gmt":"2025-02-21T07:27:18","slug":"kalite","status":"publish","type":"page","link":"https:\/\/wtechin.com\/tr\/kalite\/","title":{"rendered":"Kalite"},"content":{"rendered":"\t\t<div data-elementor-type=\"wp-page\" data-elementor-id=\"9505\" class=\"elementor elementor-9505\" data-elementor-post-type=\"page\">\n\t\t\t\t        <section class=\"elementor-section elementor-top-section elementor-element elementor-element-5a627a7 elementor-section-boxed elementor-section-height-default elementor-section-height-default ct-header-fixed-none ct-column-none ct-row-scroll-none ct-row-gradient--none\" data-id=\"5a627a7\" data-element_type=\"section\">\n            \n                        <div class=\"elementor-container elementor-column-gap-default \">\n                    <div class=\"elementor-column elementor-col-100 elementor-top-column elementor-element elementor-element-096d8fb ct-column-none col-offset-none col-color-offset-none\" data-id=\"096d8fb\" data-element_type=\"column\">\n        <div class=\"elementor-widget-wrap elementor-element-populated\">\n                    \n        \t\t<div class=\"elementor-element elementor-element-a96a39d elementor-widget elementor-widget-heading\" data-id=\"a96a39d\" data-element_type=\"widget\" data-widget_type=\"heading.default\">\n\t\t\t\t<div class=\"elementor-widget-container\">\n\t\t\t\t\t<h3 class=\"elementor-heading-title elementor-size-default\">Sertifakalar\u0131m\u0131z<\/h3>\t\t\t\t<\/div>\n\t\t\t\t<\/div>\n\t\t            <\/div>\n        <\/div>\n                    <\/div>\n        <\/section>\n                <section class=\"elementor-section elementor-top-section elementor-element elementor-element-4a54836 elementor-section-boxed elementor-section-height-default elementor-section-height-default ct-header-fixed-none ct-column-none ct-row-scroll-none ct-row-gradient--none\" data-id=\"4a54836\" data-element_type=\"section\">\n            \n                        <div class=\"elementor-container elementor-column-gap-default \">\n                    <div class=\"elementor-column elementor-col-50 elementor-top-column elementor-element elementor-element-b310ff0 ct-column-none col-offset-none col-color-offset-none\" data-id=\"b310ff0\" data-element_type=\"column\">\n        <div class=\"elementor-widget-wrap elementor-element-populated\">\n                    \n        \t\t<div class=\"elementor-element elementor-element-6c5a8ff elementor-widget elementor-widget-text-editor\" data-id=\"6c5a8ff\" data-element_type=\"widget\" data-widget_type=\"text-editor.default\">\n\t\t\t\t<div class=\"elementor-widget-container\">\n\t\t\t\t\t\t\t\t\t<p><strong>Kalite Politikam\u0131z<\/strong><\/p><p>WTECHIN Yaz\u0131l\u0131m Bili\u015fim ve Dan\u0131\u015fmanl\u0131k olarak, kaliteyi i\u015fimizin temel ta\u015f\u0131 olarak g\u00f6r\u00fcyoruz. Bu do\u011frultuda, a\u015fa\u011f\u0131daki ilkeleri benimseyerek faaliyetlerimizi s\u00fcrd\u00fcr\u00fcyoruz:<\/p><ul><li><strong>Uluslararas\u0131 Standartlara Uyum:<\/strong> Kalite y\u00f6netim sistemlerimizi uluslararas\u0131 standartlara uygun \u015fekilde olu\u015fturuyor, uyguluyor ve s\u00fcrekli geli\u015ftiriyoruz.<\/li><li><strong>M\u00fc\u015fteri Memnuniyeti:<\/strong> Zaman\u0131nda, hatas\u0131z ve eksiksiz \u00e7\u00f6z\u00fcmler sunarak m\u00fc\u015fterilerimizin ihtiya\u00e7lar\u0131n\u0131 en \u00fcst d\u00fczeyde kar\u015f\u0131lamay\u0131 hedefliyoruz.<\/li><li><strong>Yenilik\u00e7i \u00c7\u00f6z\u00fcmler:<\/strong> De\u011fer katan, yenilik\u00e7i yaz\u0131l\u0131m ve dan\u0131\u015fmanl\u0131k \u00e7\u00f6z\u00fcmleri sunarak m\u00fc\u015fterilerimizin i\u015f s\u00fcre\u00e7lerinde verimlilik ve ba\u015far\u0131 elde etmelerine katk\u0131da bulunuyoruz.<\/li><li><strong>Kat\u0131l\u0131mc\u0131 Y\u00f6neti\u015fim:<\/strong> Liderlik ve \u00e7al\u0131\u015fan kat\u0131l\u0131m\u0131n\u0131 te\u015fvik ederek, ekip ruhunu ve i\u015f birli\u011fini g\u00fc\u00e7lendiren bir y\u00f6netim anlay\u0131\u015f\u0131 benimsiyoruz.<\/li><li><strong>Toplumsal Sorumluluk:<\/strong> G\u00f6n\u00fcll\u00fcl\u00fck esas\u0131na dayal\u0131 sosyal sorumluluk projelerinde yer alarak toplumsal fark\u0131ndal\u0131\u011f\u0131 art\u0131rmay\u0131 ve pozitif bir etki yaratmay\u0131 \u00f6nemsiyoruz.<\/li><li><strong>Kurumsal K\u00fclt\u00fcr ve Motivasyon:<\/strong> \u00c7al\u0131\u015fanlar\u0131m\u0131z\u0131n motivasyonunu art\u0131rmak ve kurumsal k\u00fclt\u00fcr\u00fcm\u00fcz\u00fc g\u00fc\u00e7lendirmek amac\u0131yla sosyal etkinlikler ve ileti\u015fim faaliyetleri d\u00fczenliyoruz.<\/li><\/ul><p><strong>Yaz\u0131l\u0131m Geli\u015ftirme S\u00fcre\u00e7lerimiz<\/strong><\/p><p>WTECHIN olarak, yaz\u0131l\u0131m geli\u015ftirme s\u00fcre\u00e7lerimizde kaliteyi ve m\u00fc\u015fteri odakl\u0131l\u0131\u011f\u0131 \u00f6n planda tutuyoruz. SPICE Seviye 2 sertifikal\u0131 s\u00fcre\u00e7lerimiz \u015fu temel prensiplere dayan\u0131r:<\/p><ul><li><strong>S\u00fcrekli \u0130yile\u015ftirme:<\/strong> M\u00fc\u015fterilerimizin \u00fcr\u00fcn ve hizmet kalitesini art\u0131rmalar\u0131n\u0131 destekleyen \u00e7\u00f6z\u00fcmler sunuyoruz.<\/li><li><strong>E\u011fitim ve Geli\u015fim:<\/strong> \u00c7al\u0131\u015fanlar\u0131m\u0131z\u0131n yetkinliklerini s\u00fcrekli e\u011fitimlerle geli\u015ftirerek, sekt\u00f6r\u00fcn gerekliliklerine uygun bir \u015fekilde ilerlemelerini sa\u011fl\u0131yoruz.<\/li><li><strong>Kalite Bilinci:<\/strong> T\u00fcm \u00e7al\u0131\u015fanlar\u0131m\u0131zda kalite bilincini yerle\u015ftiriyor ve kalite y\u00f6netim sistemlerimizin \u015fartlar\u0131na uygun \u015fekilde \u00e7al\u0131\u015fmalar\u0131n\u0131 te\u015fvik ediyoruz.<\/li><li><strong>M\u00fc\u015fteri Odakl\u0131 Yakla\u015f\u0131m:<\/strong> Projelerimizde m\u00fc\u015fterilerimizin ihtiya\u00e7lar\u0131n\u0131 ve beklentilerini anlamaya \u00f6ncelik veriyor, onlar\u0131n ba\u015far\u0131s\u0131n\u0131 kendi ba\u015far\u0131m\u0131z olarak g\u00f6r\u00fcyoruz.<\/li><li><strong>\u0130novasyon ve Teknoloji:<\/strong> En g\u00fcncel teknolojileri ve yenilik\u00e7i y\u00f6ntemleri kullanarak, yaz\u0131l\u0131m geli\u015ftirme s\u00fcre\u00e7lerimizi s\u00fcrekli olarak optimize ediyoruz.<\/li><\/ul>\t\t\t\t\t\t\t\t<\/div>\n\t\t\t\t<\/div>\n\t\t            <\/div>\n        <\/div>\n                <div class=\"elementor-column elementor-col-50 elementor-top-column elementor-element elementor-element-cf89bcd ct-column-none col-offset-none col-color-offset-none\" data-id=\"cf89bcd\" data-element_type=\"column\">\n        <div class=\"elementor-widget-wrap elementor-element-populated\">\n                    \n        \t\t<div class=\"elementor-element elementor-element-25362e3 elementor-widget elementor-widget-image-gallery\" data-id=\"25362e3\" data-element_type=\"widget\" data-widget_type=\"image-gallery.default\">\n\t\t\t\t<div class=\"elementor-widget-container\">\n\t\t\t\t\t\t\t<div class=\"elementor-image-gallery\">\n\t\t\t<div id='gallery-1' class='gallery galleryid-9505 gallery-columns-3 gallery-size-large'><figure class='gallery-item'>\n\t\t\t<div class='gallery-icon portrait'>\n\t\t\t\t<a data-elementor-open-lightbox=\"yes\" data-elementor-lightbox-slideshow=\"25362e3\" data-elementor-lightbox-title=\"3\" data-e-action-hash=\"#elementor-action%3Aaction%3Dlightbox%26settings%3DeyJpZCI6OTEwMSwidXJsIjoiaHR0cHM6XC9cL3d0ZWNoaW4uY29tXC90clwvd3AtY29udGVudFwvdXBsb2Fkc1wvMjAyNVwvMDFcLzMuanBnIiwic2xpZGVzaG93IjoiMjUzNjJlMyJ9\" href='https:\/\/wtechin.com\/tr\/wp-content\/uploads\/2025\/01\/3.jpg'><img fetchpriority=\"high\" decoding=\"async\" width=\"595\" height=\"840\" src=\"https:\/\/wtechin.com\/tr\/wp-content\/uploads\/2025\/01\/3.jpg\" class=\"attachment-large size-large\" alt=\"\" srcset=\"https:\/\/wtechin.com\/tr\/wp-content\/uploads\/2025\/01\/3.jpg 595w, https:\/\/wtechin.com\/tr\/wp-content\/uploads\/2025\/01\/3-213x300.jpg 213w\" sizes=\"(max-width: 595px) 100vw, 595px\" \/><\/a>\n\t\t\t<\/div><\/figure><figure class='gallery-item'>\n\t\t\t<div class='gallery-icon portrait'>\n\t\t\t\t<a data-elementor-open-lightbox=\"yes\" data-elementor-lightbox-slideshow=\"25362e3\" data-elementor-lightbox-title=\"ISO 27001_2022\" data-e-action-hash=\"#elementor-action%3Aaction%3Dlightbox%26settings%3DeyJpZCI6OTA5OSwidXJsIjoiaHR0cHM6XC9cL3d0ZWNoaW4uY29tXC90clwvd3AtY29udGVudFwvdXBsb2Fkc1wvMjAyNVwvMDFcL0lTTy0yNzAwMV8yMDIyLmpwZyIsInNsaWRlc2hvdyI6IjI1MzYyZTMifQ%3D%3D\" href='https:\/\/wtechin.com\/tr\/wp-content\/uploads\/2025\/01\/ISO-27001_2022.jpg'><img decoding=\"async\" width=\"595\" height=\"841\" src=\"https:\/\/wtechin.com\/tr\/wp-content\/uploads\/2025\/01\/ISO-27001_2022.jpg\" class=\"attachment-large size-large\" alt=\"\" srcset=\"https:\/\/wtechin.com\/tr\/wp-content\/uploads\/2025\/01\/ISO-27001_2022.jpg 595w, https:\/\/wtechin.com\/tr\/wp-content\/uploads\/2025\/01\/ISO-27001_2022-212x300.jpg 212w\" sizes=\"(max-width: 595px) 100vw, 595px\" \/><\/a>\n\t\t\t<\/div><\/figure><figure class='gallery-item'>\n\t\t\t<div class='gallery-icon portrait'>\n\t\t\t\t<a data-elementor-open-lightbox=\"yes\" data-elementor-lightbox-slideshow=\"25362e3\" data-elementor-lightbox-title=\"2\" data-e-action-hash=\"#elementor-action%3Aaction%3Dlightbox%26settings%3DeyJpZCI6OTEwMCwidXJsIjoiaHR0cHM6XC9cL3d0ZWNoaW4uY29tXC90clwvd3AtY29udGVudFwvdXBsb2Fkc1wvMjAyNVwvMDFcLzIuanBnIiwic2xpZGVzaG93IjoiMjUzNjJlMyJ9\" href='https:\/\/wtechin.com\/tr\/wp-content\/uploads\/2025\/01\/2.jpg'><img decoding=\"async\" width=\"595\" height=\"840\" src=\"https:\/\/wtechin.com\/tr\/wp-content\/uploads\/2025\/01\/2.jpg\" class=\"attachment-large size-large\" alt=\"\" srcset=\"https:\/\/wtechin.com\/tr\/wp-content\/uploads\/2025\/01\/2.jpg 595w, https:\/\/wtechin.com\/tr\/wp-content\/uploads\/2025\/01\/2-213x300.jpg 213w\" sizes=\"(max-width: 595px) 100vw, 595px\" \/><\/a>\n\t\t\t<\/div><\/figure><figure class='gallery-item'>\n\t\t\t<div class='gallery-icon portrait'>\n\t\t\t\t<a data-elementor-open-lightbox=\"yes\" data-elementor-lightbox-slideshow=\"25362e3\" data-elementor-lightbox-title=\"WTECHIN YAZILIM 9001 4\" data-e-action-hash=\"#elementor-action%3Aaction%3Dlightbox%26settings%3DeyJpZCI6OTUwOSwidXJsIjoiaHR0cHM6XC9cL3d0ZWNoaW4uY29tXC90clwvd3AtY29udGVudFwvdXBsb2Fkc1wvMjAyNVwvMDJcL1dURUNISU4tWUFaSUxJTS05MDAxLTQuanBnIiwic2xpZGVzaG93IjoiMjUzNjJlMyJ9\" href='https:\/\/wtechin.com\/tr\/wp-content\/uploads\/2025\/02\/WTECHIN-YAZILIM-9001-4.jpg'><img loading=\"lazy\" decoding=\"async\" width=\"595\" height=\"841\" src=\"https:\/\/wtechin.com\/tr\/wp-content\/uploads\/2025\/02\/WTECHIN-YAZILIM-9001-4.jpg\" class=\"attachment-large size-large\" alt=\"\" srcset=\"https:\/\/wtechin.com\/tr\/wp-content\/uploads\/2025\/02\/WTECHIN-YAZILIM-9001-4.jpg 595w, https:\/\/wtechin.com\/tr\/wp-content\/uploads\/2025\/02\/WTECHIN-YAZILIM-9001-4-212x300.jpg 212w\" sizes=\"(max-width: 595px) 100vw, 595px\" \/><\/a>\n\t\t\t<\/div><\/figure><figure class='gallery-item'>\n\t\t\t<div class='gallery-icon portrait'>\n\t\t\t\t<a data-elementor-open-lightbox=\"yes\" data-elementor-lightbox-slideshow=\"25362e3\" data-elementor-lightbox-title=\"WTECHIN YAZILIM 10 5\" data-e-action-hash=\"#elementor-action%3Aaction%3Dlightbox%26settings%3DeyJpZCI6OTUxMCwidXJsIjoiaHR0cHM6XC9cL3d0ZWNoaW4uY29tXC90clwvd3AtY29udGVudFwvdXBsb2Fkc1wvMjAyNVwvMDJcL1dURUNISU4tWUFaSUxJTS0xMC01LmpwZyIsInNsaWRlc2hvdyI6IjI1MzYyZTMifQ%3D%3D\" href='https:\/\/wtechin.com\/tr\/wp-content\/uploads\/2025\/02\/WTECHIN-YAZILIM-10-5.jpg'><img loading=\"lazy\" decoding=\"async\" width=\"595\" height=\"841\" src=\"https:\/\/wtechin.com\/tr\/wp-content\/uploads\/2025\/02\/WTECHIN-YAZILIM-10-5.jpg\" class=\"attachment-large size-large\" alt=\"\" srcset=\"https:\/\/wtechin.com\/tr\/wp-content\/uploads\/2025\/02\/WTECHIN-YAZILIM-10-5.jpg 595w, https:\/\/wtechin.com\/tr\/wp-content\/uploads\/2025\/02\/WTECHIN-YAZILIM-10-5-212x300.jpg 212w\" sizes=\"(max-width: 595px) 100vw, 595px\" \/><\/a>\n\t\t\t<\/div><\/figure><figure class='gallery-item'>\n\t\t\t<div class='gallery-icon portrait'>\n\t\t\t\t<a data-elementor-open-lightbox=\"yes\" data-elementor-lightbox-slideshow=\"25362e3\" data-elementor-lightbox-title=\"WTECHIN YAZILIM 20 6\" data-e-action-hash=\"#elementor-action%3Aaction%3Dlightbox%26settings%3DeyJpZCI6OTUxMSwidXJsIjoiaHR0cHM6XC9cL3d0ZWNoaW4uY29tXC90clwvd3AtY29udGVudFwvdXBsb2Fkc1wvMjAyNVwvMDJcL1dURUNISU4tWUFaSUxJTS0yMC02LmpwZyIsInNsaWRlc2hvdyI6IjI1MzYyZTMifQ%3D%3D\" href='https:\/\/wtechin.com\/tr\/wp-content\/uploads\/2025\/02\/WTECHIN-YAZILIM-20-6.jpg'><img loading=\"lazy\" decoding=\"async\" width=\"595\" height=\"841\" src=\"https:\/\/wtechin.com\/tr\/wp-content\/uploads\/2025\/02\/WTECHIN-YAZILIM-20-6.jpg\" class=\"attachment-large size-large\" alt=\"\" srcset=\"https:\/\/wtechin.com\/tr\/wp-content\/uploads\/2025\/02\/WTECHIN-YAZILIM-20-6.jpg 595w, https:\/\/wtechin.com\/tr\/wp-content\/uploads\/2025\/02\/WTECHIN-YAZILIM-20-6-212x300.jpg 212w\" sizes=\"(max-width: 595px) 100vw, 595px\" \/><\/a>\n\t\t\t<\/div><\/figure><figure class='gallery-item'>\n\t\t\t<div class='gallery-icon portrait'>\n\t\t\t\t<a data-elementor-open-lightbox=\"yes\" data-elementor-lightbox-slideshow=\"25362e3\" data-elementor-lightbox-title=\"WTECHIN YAZILIM 22 7\" data-e-action-hash=\"#elementor-action%3Aaction%3Dlightbox%26settings%3DeyJpZCI6OTUxMiwidXJsIjoiaHR0cHM6XC9cL3d0ZWNoaW4uY29tXC90clwvd3AtY29udGVudFwvdXBsb2Fkc1wvMjAyNVwvMDJcL1dURUNISU4tWUFaSUxJTS0yMi03LmpwZyIsInNsaWRlc2hvdyI6IjI1MzYyZTMifQ%3D%3D\" href='https:\/\/wtechin.com\/tr\/wp-content\/uploads\/2025\/02\/WTECHIN-YAZILIM-22-7.jpg'><img loading=\"lazy\" decoding=\"async\" width=\"595\" height=\"841\" src=\"https:\/\/wtechin.com\/tr\/wp-content\/uploads\/2025\/02\/WTECHIN-YAZILIM-22-7.jpg\" class=\"attachment-large size-large\" alt=\"\" srcset=\"https:\/\/wtechin.com\/tr\/wp-content\/uploads\/2025\/02\/WTECHIN-YAZILIM-22-7.jpg 595w, https:\/\/wtechin.com\/tr\/wp-content\/uploads\/2025\/02\/WTECHIN-YAZILIM-22-7-212x300.jpg 212w\" sizes=\"(max-width: 595px) 100vw, 595px\" \/><\/a>\n\t\t\t<\/div><\/figure><figure class='gallery-item'>\n\t\t\t<div class='gallery-icon portrait'>\n\t\t\t\t<a data-elementor-open-lightbox=\"yes\" data-elementor-lightbox-slideshow=\"25362e3\" data-elementor-lightbox-title=\"WTECHIN YAZILIM 45 -\" data-e-action-hash=\"#elementor-action%3Aaction%3Dlightbox%26settings%3DeyJpZCI6OTUxNCwidXJsIjoiaHR0cHM6XC9cL3d0ZWNoaW4uY29tXC90clwvd3AtY29udGVudFwvdXBsb2Fkc1wvMjAyNVwvMDJcL1dURUNISU4tWUFaSUxJTS00NS0uanBnIiwic2xpZGVzaG93IjoiMjUzNjJlMyJ9\" href='https:\/\/wtechin.com\/tr\/wp-content\/uploads\/2025\/02\/WTECHIN-YAZILIM-45-.jpg'><img loading=\"lazy\" decoding=\"async\" width=\"595\" height=\"841\" src=\"https:\/\/wtechin.com\/tr\/wp-content\/uploads\/2025\/02\/WTECHIN-YAZILIM-45-.jpg\" class=\"attachment-large size-large\" alt=\"\" srcset=\"https:\/\/wtechin.com\/tr\/wp-content\/uploads\/2025\/02\/WTECHIN-YAZILIM-45-.jpg 595w, https:\/\/wtechin.com\/tr\/wp-content\/uploads\/2025\/02\/WTECHIN-YAZILIM-45--212x300.jpg 212w\" sizes=\"(max-width: 595px) 100vw, 595px\" \/><\/a>\n\t\t\t<\/div><\/figure><figure class='gallery-item'>\n\t\t\t<div class='gallery-icon portrait'>\n\t\t\t\t<a data-elementor-open-lightbox=\"yes\" data-elementor-lightbox-slideshow=\"25362e3\" data-elementor-lightbox-title=\"YapayZekaDestekliWebServisYazilimi\" data-e-action-hash=\"#elementor-action%3Aaction%3Dlightbox%26settings%3DeyJpZCI6OTUxNiwidXJsIjoiaHR0cHM6XC9cL3d0ZWNoaW4uY29tXC90clwvd3AtY29udGVudFwvdXBsb2Fkc1wvMjAyNVwvMDJcL1lhcGF5WmVrYURlc3Rla2xpV2ViU2VydmlzWWF6aWxpbWkuanBnIiwic2xpZGVzaG93IjoiMjUzNjJlMyJ9\" href='https:\/\/wtechin.com\/tr\/wp-content\/uploads\/2025\/02\/YapayZekaDestekliWebServisYazilimi.jpg'><img loading=\"lazy\" decoding=\"async\" width=\"595\" height=\"842\" src=\"https:\/\/wtechin.com\/tr\/wp-content\/uploads\/2025\/02\/YapayZekaDestekliWebServisYazilimi.jpg\" class=\"attachment-large size-large\" alt=\"\" srcset=\"https:\/\/wtechin.com\/tr\/wp-content\/uploads\/2025\/02\/YapayZekaDestekliWebServisYazilimi.jpg 595w, https:\/\/wtechin.com\/tr\/wp-content\/uploads\/2025\/02\/YapayZekaDestekliWebServisYazilimi-212x300.jpg 212w\" sizes=\"(max-width: 595px) 100vw, 595px\" \/><\/a>\n\t\t\t<\/div><\/figure>\n\t\t<\/div>\n\t\t<\/div>\n\t\t\t\t\t\t<\/div>\n\t\t\t\t<\/div>\n\t\t            <\/div>\n        <\/div>\n                    <\/div>\n        <\/section>\n        \t\t<\/div>\n\t\t","protected":false},"excerpt":{"rendered":"<p>Sertifakalar\u0131m\u0131z Kalite Politikam\u0131z WTECHIN Yaz\u0131l\u0131m Bili\u015fim ve Dan\u0131\u015fmanl\u0131k olarak, kaliteyi i\u015fimizin temel ta\u015f\u0131 olarak g\u00f6r\u00fcyoruz. Bu do\u011frultuda, a\u015fa\u011f\u0131daki ilkeleri benimseyerek faaliyetlerimizi s\u00fcrd\u00fcr\u00fcyoruz: Uluslararas\u0131 Standartlara Uyum: Kalite y\u00f6netim sistemlerimizi uluslararas\u0131 standartlara uygun \u015fekilde olu\u015fturuyor, uyguluyor ve s\u00fcrekli geli\u015ftiriyoruz. M\u00fc\u015fteri Memnuniyeti: Zaman\u0131nda, hatas\u0131z ve eksiksiz \u00e7\u00f6z\u00fcmler sunarak m\u00fc\u015fterilerimizin ihtiya\u00e7lar\u0131n\u0131 en \u00fcst d\u00fczeyde kar\u015f\u0131lamay\u0131 hedefliyoruz. Yenilik\u00e7i \u00c7\u00f6z\u00fcmler: De\u011fer [&hellip;]<\/p>\n","protected":false},"author":1,"featured_media":0,"parent":0,"menu_order":0,"comment_status":"closed","ping_status":"closed","template":"","meta":{"inline_featured_image":false,"footnotes":""},"class_list":["post-9505","page","type-page","status-publish","hentry"],"_links":{"self":[{"href":"https:\/\/wtechin.com\/tr\/wp-json\/wp\/v2\/pages\/9505","targetHints":{"allow":["GET"]}}],"collection":[{"href":"https:\/\/wtechin.com\/tr\/wp-json\/wp\/v2\/pages"}],"about":[{"href":"https:\/\/wtechin.com\/tr\/wp-json\/wp\/v2\/types\/page"}],"author":[{"embeddable":true,"href":"https:\/\/wtechin.com\/tr\/wp-json\/wp\/v2\/users\/1"}],"replies":[{"embeddable":true,"href":"https:\/\/wtechin.com\/tr\/wp-json\/wp\/v2\/comments?post=9505"}],"version-history":[{"count":10,"href":"https:\/\/wtechin.com\/tr\/wp-json\/wp\/v2\/pages\/9505\/revisions"}],"predecessor-version":[{"id":9856,"href":"https:\/\/wtechin.com\/tr\/wp-json\/wp\/v2\/pages\/9505\/revisions\/9856"}],"wp:attachment":[{"href":"https:\/\/wtechin.com\/tr\/wp-json\/wp\/v2\/media?parent=9505"}],"curies":[{"name":"wp","href":"https:\/\/api.w.org\/{rel}","templated":true}]}}