{"id":9925,"date":"2025-07-31T20:22:44","date_gmt":"2025-07-31T17:22:44","guid":{"rendered":"https:\/\/wtechin.com\/tr\/?page_id=9925"},"modified":"2025-08-04T01:41:34","modified_gmt":"2025-08-03T22:41:34","slug":"uretken-yapay-zeka-yetistirme-programi","status":"publish","type":"page","link":"https:\/\/wtechin.com\/tr\/uretken-yapay-zeka-yetistirme-programi\/","title":{"rendered":"\u00dcretken Yapay Zeka Yeti\u015ftirme Program\u0131"},"content":{"rendered":"\t\t<div data-elementor-type=\"wp-page\" data-elementor-id=\"9925\" class=\"elementor elementor-9925\" data-elementor-post-type=\"page\">\n\t\t\t\t        <section class=\"elementor-section elementor-top-section elementor-element elementor-element-43b7fbf2 elementor-section-full_width elementor-section-height-default elementor-section-height-default ct-header-fixed-none ct-column-none ct-row-scroll-none ct-row-gradient--none ct-container-none\" data-id=\"43b7fbf2\" data-element_type=\"section\">\n            \n                        <div class=\"elementor-container elementor-column-gap-extended \">\n                    <div class=\"elementor-column elementor-col-50 elementor-top-column elementor-element elementor-element-61d4a913 ct-column-none col-offset-none col-color-offset-none\" data-id=\"61d4a913\" data-element_type=\"column\">\n        <div class=\"elementor-widget-wrap elementor-element-populated\">\n                    \n        \t\t<div class=\"elementor-element elementor-element-1b3dcfc0 elementor-widget__width-initial elementor-widget-mobile__width-initial elementor-widget elementor-widget-ct_heading\" data-id=\"1b3dcfc0\" data-element_type=\"widget\" data-widget_type=\"ct_heading.default\">\n\t\t\t\t<div class=\"elementor-widget-container\">\n\t\t\t\t\t<div id=\"ct_heading-1b3dcfc0\" class=\"ct-heading h-align- item-st-default highlight-style1\">\r\n  <div class=\"ct-heading--inner\"> \r\n    <div class=\"ct-inline-css\"  data-css=\"\r\n                            #ct_heading-1b3dcfc0.ct-heading .item--sub-title span {\r\n                background-image: -webkit-gradient(linear, left top, left bottom, from(#A7242F), to(#A7242F));\r\n                background-image: -webkit-linear-gradient(to left, #A7242F, #A7242F);\r\n                background-image: -moz-linear-gradient(to left, #A7242F, #A7242F);\r\n                background-image: -ms-linear-gradient(to left, #A7242F, #A7242F);\r\n                background-image: -o-linear-gradient(to left, #A7242F, #A7242F);\r\n                background-image: linear-gradient(to left, #A7242F, #A7242F);\r\n                filter: progid:DXImageTransform.Microsoft.gradient(startColorStr='#A7242F', endColorStr='#A7242F');\r\n                background-color: transparent;\r\n                background-clip: text;\r\n                -o-background-clip: text;\r\n                -ms-background-clip: text;\r\n                -moz-background-clip: text;\r\n                -webkit-background-clip: text;\r\n                text-fill-color: transparent;\r\n                -o-text-fill-color: transparent;\r\n                -ms-text-fill-color: transparent;\r\n                -moz-text-fill-color: transparent;\r\n                -webkit-text-fill-color: transparent;\r\n            }\r\n                        \">\r\n    <\/div>\r\n      <div class=\"item--text-below\">\r\n      <div class=\"ct-inline-css\"  data-css=\"\r\n        \">\r\n      <\/div>\r\n          <\/div>\r\n  \r\n\t\t\t<div class=\"item--sub-title style-icon-right \" data-wow-delay=\"ms\">\r\n                        <span>\r\n                Wtechin            <\/span>\r\n                            <svg class=\"svg-right\" xmlns=\"http:\/\/www.w3.org\/2000\/svg\" xmlns:xlink=\"http:\/\/www.w3.org\/1999\/xlink\" width=\"33\" height=\"21\" viewBox=\"0 0 33 21\">\r\n                  <defs>\r\n                    <style>\r\n                      .h-cls-1, .h-cls-2 {\r\n                        fill: none;\r\n                        stroke-width: 3px;\r\n                        fill-rule: evenodd;\r\n                      }\r\n\r\n                      .h-cls-1 {\r\n                        filter: url(#filter);\r\n                      }\r\n\r\n                      .h-cls-2 {\r\n                        filter: url(#filter-2);\r\n                      }\r\n                    <\/style>\r\n                    <filter id=\"right-h-filterct_heading-1b3dcfc0\" x=\"-0.125\" y=\"-0.094\" width=\"32.406\" height=\"12\" filterUnits=\"userSpaceOnUse\">\r\n                      <feFlood result=\"flood\"\/>\r\n                      <feComposite result=\"composite\" operator=\"in\" in2=\"SourceGraphic\"\/>\r\n                      <feBlend result=\"blend\" in2=\"SourceGraphic\"\/>\r\n                    <\/filter>\r\n                    <filter id=\"right-h-filter-2ct_heading-1b3dcfc0\" x=\"-10\" y=\"14.594\" width=\"29.656\" height=\"6.406\" filterUnits=\"userSpaceOnUse\">\r\n                      <feFlood result=\"flood\"\/>\r\n                      <feComposite result=\"composite\" operator=\"in\" in2=\"SourceGraphic\"\/>\r\n                      <feBlend result=\"blend\" in2=\"SourceGraphic\"\/>\r\n                    <\/filter>\r\n\r\n                    <linearGradient id=\"right-h-grad1ct_heading-1b3dcfc0\" x1=\"0%\" y1=\"0%\" x2=\"100%\" y2=\"0%\">\r\n                      <stop offset=\"0%\" style=\"stop-color:#451e1c;stop-opacity:1\" \/>\r\n                      <stop offset=\"100%\" style=\"stop-color:#a7242f;stop-opacity:1\" \/>\r\n                    <\/linearGradient>\r\n\r\n                  <\/defs>\r\n                  <g>\r\n                    <g style=\"fill: none; filter: url(#right-h-filterct_heading-1b3dcfc0)\">\r\n                      <path id=\"right-h-pathct_heading-1b3dcfc0\" class=\"h-cls-1\" d=\"M-0.117,8.9H27.036s5.078-3.073,0-6.517\" style=\"stroke: inherit; filter: none;\"\/>\r\n                    <\/g>\r\n                    <use xlink:href=\"#right-h-pathct_heading-1b3dcfc0\" style=\"stroke: url(#right-h-grad1ct_heading-1b3dcfc0); filter: none; fill: none\"\/>\r\n                    <g style=\"fill: none; filter: url(#right-h-filter-2ct_heading-1b3dcfc0)\">\r\n                      <path id=\"right-h-bgct_heading-1b3dcfc0\" class=\"h-cls-2\" d=\"M-9.991,14.594H17.352s5.114,3.027,0,6.422\" style=\"stroke: inherit; filter: none;\"\/>\r\n                    <\/g>\r\n                    <use xlink:href=\"#right-h-bgct_heading-1b3dcfc0\" style=\"stroke: url(#right-h-grad1ct_heading-1b3dcfc0); filter: none; fill: none\"\/>\r\n                  <\/g>\r\n                <\/svg>\r\n                    <\/div>\r\n\t    <h4 class=\"item--title st-default \" data-wow-delay=\"ms\">\r\n        <span class=\"ct-text-inner\">\u00dcretken Yapay Zeka Yeti\u015ftirme        <cite class=\"ct-text-highlight\">\r\n            Program\u0131        <\/cite>\r\n         <\/span>    <\/h4>\r\n  <\/div>\r\n<\/div>\r\n\t\t\t\t<\/div>\n\t\t\t\t<\/div>\n\t\t\t\t<div class=\"elementor-element elementor-element-223d0682 elementor-widget__width-initial elementor-widget-mobile__width-initial elementor-widget-tablet_extra__width-initial elementor-widget elementor-widget-ct_text_editor\" data-id=\"223d0682\" data-element_type=\"widget\" data-widget_type=\"ct_text_editor.default\">\n\t\t\t\t<div class=\"elementor-widget-container\">\n\t\t\t\t\t<div id=\"ct_text_editor-223d0682\" class=\"ct-text-editor \" data-wow-delay=\"ms\">\n\t<div class=\"ct-item--inner\">\n\t\t<div class=\"ct-inline-css\"  data-css=\"\n\t        \t\t\t\">\n\n\t    <\/div>\n\t\t<div class=\"ct-text-editor elementor-clearfix\">\n\t\t\t<p style=\"text-align: left\"><strong>Program Hakk\u0131nda<\/strong><\/p>\n<p>Ko\u00e7Sistem ve WTECHIN i\u015f birli\u011fiyle hayata ge\u00e7irilen bu program, UiPath AI agents ve Microsoft Copilot Studio gibi teknolojileriyle dijital d\u00f6n\u00fc\u015f\u00fcm alan\u0131nda uzmanlar yeti\u015ftirmeyi hedefliyor. Bu \u00e7evrimi\u00e7i e\u011fitim program\u0131nda, bilgisayar m\u00fchendisli\u011fi ve ilgili b\u00f6l\u00fcmlerden yeni mezun gen\u00e7ler UiPath platformu ve Microsoft\u2019un Copilot Studio ara\u00e7lar\u0131n\u0131 kullanarak generative AI tabanl\u0131 \u00e7\u00f6z\u00fcmler geli\u015ftirirler. Program, prati\u011fe dayal\u0131 bir yakla\u015f\u0131mla ilerler; kat\u0131l\u0131mc\u0131lar\u0131n her hafta \u00f6\u011frendiklerini uygulamal\u0131 projelerle peki\u015ftirmesi sa\u011flan\u0131r. Program sonunda mezunlar kurumsal firmalara \u00fcretken yapay zek\u00e2 uygulamalar\u0131 konusunda, dan\u0131\u015fmanl\u0131k ekiplerinde rol alabilecek yetkinli\u011fe ula\u015fmalar\u0131 planlanmaktad\u0131r. Program sonunda ba\u015far\u0131l\u0131 kat\u0131l\u0131mc\u0131lara i\u015f garantisi sunulmaktad\u0131r.<\/p>\n<p style=\"text-align: left\"><strong>Kimler Ba\u015fvurabilir?<\/strong><\/p>\n<p style=\"text-align: left\">&#8211; Bilgisayar, Yaz\u0131l\u0131m, Elektrik-Elektronik, End\u00fcstri M\u00fchendisli\u011fi, Y\u00f6netim Bili\u015fim Sistemleri, Bili\u015fim Teknolojileri \u00d6\u011fretmenli\u011fi, Matematik, \u0130statistik vb. say\u0131sal b\u00f6l\u00fcmlerden yeni mezun veya son s\u0131n\u0131f \u00f6\u011frencisi olanlar<br>&#8211; OOP bilgisi olan, UiPath&nbsp;Agentic AI &amp; GenAI alan\u0131nda kariyer hedefi bulunan adaylar<br>&#8211; En az B2 seviyesinde \u0130ngilizce bilenler<br>&#8211; \u0130stanbul\u2019da ikamet eden veya ta\u015f\u0131nmaya\/hibrit \u00e7al\u0131\u015fmaya uygun olanlar<br>&#8211; \u00d6\u011frenmeye a\u00e7\u0131k, motivasyonu y\u00fcksek, kariyer odakl\u0131 ki\u015filer<\/p>\n<p style=\"text-align: left\"><strong>Takvim Hakk\u0131nda<\/strong><\/p>\n<p style=\"text-align: left\">&#8211; <b>Ba\u015fvuru Tarihleri&nbsp;<\/b>: 1-9 A\u011fustos<\/p>\n<p style=\"text-align: left\">&#8211; <b>Program Ba\u015flang\u0131c\u0131&nbsp;<\/b>: 1 Eyl\u00fcl 2025<\/p>\n<p style=\"text-align: left\">&#8211; <b>S\u00fcre <\/b>: 12 Hafta<\/p>\n<p style=\"text-align: left\">&#8211; <b>Format <\/b>: \u00c7evrimi\u00e7i \/ Canl\u0131 E\u011fitim<\/p>\n<p style=\"text-align: left\"><b>E\u011fitimde Kat\u0131l\u0131mc\u0131lardan Beklentiler ve Gereklilikler<\/b><\/p>\n<p style=\"text-align: left\">&#8211; Haftada en az 20 saat olacak \u015fekilde e\u011fitime kat\u0131labilmeleri,<br>&#8211; Yakla\u015f\u0131k %90 oran\u0131nda kat\u0131l\u0131m sa\u011flayabilmeli,<br>&#8211; E\u011fitim s\u00fcrecine aktif kat\u0131l\u0131m sa\u011flayabilecek olmal\u0131,<br>&#8211; E\u011fitimen\/Ment\u00f6r dan\u0131\u015fmanlar\u0131m\u0131zdan \u00f6\u011frenme motivasyonu y\u00fcksek olmas\u0131,<br>&#8211; Geli\u015ftirme yapabilecek d\u00fczeyde bilgisayar sahibi ve kesintisiz internet eri\u015fim olan bir ortama sahip olmalar,<br>&#8211; E\u011fitim sonunda proje \u00e7\u0131kt\u0131s\u0131 olu\u015fturabilmeleri<\/p>\n<p style=\"text-align: left\"><strong>Program \u0130\u00e7eri\u011fi<\/strong><\/p>\n<p style=\"text-align: left\">1. UiPath Agentic AI E\u011fitimi<br>Otomasyon ara\u00e7lar\u0131, agentic automotion ile&nbsp;makine \u00f6\u011frenmesi&nbsp;birlikte kullan\u0131m\u0131, s\u00fcre\u00e7 geli\u015ftirme, agent builder veya kodlama arac\u0131l\u0131\u011f\u0131yla agent geli\u015ftirme, Azure OpenAI Connector ile GenAI aktivitesi olu\u015fturma ve entegrasyonu, REFramework, API entegrasyonu ve proje uygulamalar\u0131.<\/p>\n<p style=\"text-align: left\">2. Microsoft Copilot Studio &amp; Power Platform<br>LLM ve ML modelleri kullanarak etkile\u015fimli agents (ajanlar) geli\u015ftirme,&nbsp;<span style=\"letter-spacing: 0px\">CoPilot Studio ve GenAI entegrasyonu ile ses, metin ve g\u00f6rsel olu\u015fturma uygulamalar\u0131,&nbsp;<\/span><span style=\"letter-spacing: 0px\">Power Platform ve Copilot Studio ile \u00fcretken yapay zek\u00e2 uygulamalar\u0131 geli\u015ftirme ve yay\u0131mlama,&nbsp;<\/span><\/p>\n<p style=\"text-align: left\">3. Agile &amp; Scrum<br>Scrum metodolojisi, JIRA kullan\u0131m\u0131, sprint sim\u00fclasyonlar\u0131 ve proje y\u00f6netimi pratikleri.<\/p>\n<p style=\"text-align: left\">4. Kapsay\u0131c\u0131 Geli\u015fim E\u011fitimleri<br>\u201c\u0130\u015f Hayat\u0131nda Psikolojik \u0130yi Olu\u015f ve \u00d6z Y\u00f6netim\u201d ve<br>\u201cKariyer Planlama ve M\u00fclakat Becerileri\u201d<\/p>\n<p style=\"text-align: left\"><strong>E\u011fitmen Kadrosu<\/strong><\/p>\n<p style=\"text-align: left\">Alan\u0131nda uzman ve sahada deneyimli e\u011fitmenlerle \u00e7al\u0131\u015facaks\u0131n\u0131z.<\/p>\n<p style=\"text-align: left\">Do\u00e7. Dr. Cansu \u00c7i\u011fdem Ekin \u2013 Microsoft Copilot ile \u00dcretken Yapay Zeka<\/p>\n<p style=\"text-align: left\">Bar\u0131\u015f Alag\u00f6z \u2013 UiPath Agentic Automation&nbsp;<\/p>\n<p style=\"text-align: left\">Leyla Sivas \u00d6zerdem \u2013 Agile &amp; Scrum<\/p>\n<p style=\"text-align: left\">\u015eerife Denizli &amp; Tu\u011fba K\u00f6seo\u011flu \u2013 \u00d6z y\u00f6netim ve kariyer rehberli\u011fi<\/p>\n<p style=\"text-align: left\"><strong>Program Sonunda Ne Olacak ?<\/strong><\/p>\n<p style=\"text-align: left\">En az %90 devaml\u0131l\u0131k ve ba\u015far\u0131l\u0131 proje sunumu ile kat\u0131l\u0131m sertifikas\u0131,<br>Ba\u015far\u0131 s\u0131ralamas\u0131na g\u00f6re aday deneme s\u00fcreci sonunda ba\u015far\u0131l\u0131 adaylar Ko\u00e7Sistem projelerinde tam zamanl\u0131 istihdam edilecek.<br>Sertifika s\u0131nav \u00fccretleri WTECHIN taraf\u0131ndan kar\u015f\u0131lanacak<\/p>\n<p style=\"text-align: left\"><strong>Ba\u015fvuru<\/strong> formunu doldurmay\u0131 unutmay\u0131n!<br>Detayl\u0131 de\u011ferlendirme i\u00e7in CV\u2019nizi eksiksiz y\u00fcklemeyi l\u00fctfen ihmal etmeyin.<br>Se\u00e7ilen adaylarla ba\u015fvuru s\u00fcreci sonunda m\u00fclakat s\u00fcreci ba\u015flayacakt\u0131r.<\/p>\t\t\n\t\t<\/div>\n\t<\/div>\n<\/div>\t\t\t\t<\/div>\n\t\t\t\t<\/div>\n\t\t\t\t<div class=\"elementor-element elementor-element-46e670c elementor-align-center elementor-widget-widescreen__width-initial elementor-widget elementor-widget-ct_button\" data-id=\"46e670c\" data-element_type=\"widget\" data-widget_type=\"ct_button.default\">\n\t\t\t\t<div class=\"elementor-widget-container\">\n\t\t\t\t\t<div id=\"ct_button-46e670c\" class=\"ct-button-wrapper ct-button-layout1\">\r\n    <div class=\"ct-inline-css\"  data-css=\"\r\n        \">\r\n    <\/div>\r\n\r\n            <span class=\"ct-icon-active\"><\/span>\r\n        <a href=\"https:\/\/wtechin.com\/tr\/basvuru-formu\/\" class=\"btn btn-default  icon-ps- \" data-wow-delay=\"ms\">\r\n                            <span class=\"ct-button-icon ct-icon-normal ct-align-icon-\">\r\n                            <\/span>\r\n                <span class=\"ct-button-text\">\r\n            Hemen Ba\u015fvur        <\/span>\r\n    <\/a>\r\n<\/div>\t\t\t\t<\/div>\n\t\t\t\t<\/div>\n\t\t            <\/div>\n        <\/div>\n                <div class=\"elementor-column elementor-col-50 elementor-top-column elementor-element elementor-element-48440b0d ct-column-none col-offset-none col-color-offset-none\" data-id=\"48440b0d\" data-element_type=\"column\">\n        <div class=\"elementor-widget-wrap elementor-element-populated\">\n                    \n        \t\t<div class=\"elementor-element elementor-element-f1e1526 elementor-widget elementor-widget-image\" data-id=\"f1e1526\" data-element_type=\"widget\" data-widget_type=\"image.default\">\n\t\t\t\t<div class=\"elementor-widget-container\">\n\t\t\t\t\t\t\t\t\t\t\t\t\t\t\t<img fetchpriority=\"high\" decoding=\"async\" width=\"640\" height=\"818\" src=\"https:\/\/wtechin.com\/tr\/wp-content\/uploads\/2025\/07\/2434262a-802c-4f0c-8a78-b70a63e52cb0-801x1024.jpeg\" class=\"attachment-large size-large wp-image-9926\" alt=\"\" srcset=\"https:\/\/wtechin.com\/tr\/wp-content\/uploads\/2025\/07\/2434262a-802c-4f0c-8a78-b70a63e52cb0-801x1024.jpeg 801w, https:\/\/wtechin.com\/tr\/wp-content\/uploads\/2025\/07\/2434262a-802c-4f0c-8a78-b70a63e52cb0-235x300.jpeg 235w, https:\/\/wtechin.com\/tr\/wp-content\/uploads\/2025\/07\/2434262a-802c-4f0c-8a78-b70a63e52cb0-768x981.jpeg 768w, https:\/\/wtechin.com\/tr\/wp-content\/uploads\/2025\/07\/2434262a-802c-4f0c-8a78-b70a63e52cb0.jpeg 1080w\" sizes=\"(max-width: 640px) 100vw, 640px\" \/>\t\t\t\t\t\t\t\t\t\t\t\t\t\t\t<\/div>\n\t\t\t\t<\/div>\n\t\t\t\t<div class=\"elementor-element elementor-element-e85f7ba elementor-widget elementor-widget-spacer\" data-id=\"e85f7ba\" data-element_type=\"widget\" data-widget_type=\"spacer.default\">\n\t\t\t\t<div class=\"elementor-widget-container\">\n\t\t\t\t\t\t\t<div class=\"elementor-spacer\">\n\t\t\t<div class=\"elementor-spacer-inner\"><\/div>\n\t\t<\/div>\n\t\t\t\t\t\t<\/div>\n\t\t\t\t<\/div>\n\t\t            <\/div>\n        <\/div>\n                    <\/div>\n        <\/section>\n        \t\t<\/div>\n\t\t","protected":false},"excerpt":{"rendered":"<p>Wtechin \u00dcretken Yapay Zeka Yeti\u015ftirme Program\u0131 Program Hakk\u0131nda Ko\u00e7Sistem ve WTECHIN i\u015f birli\u011fiyle hayata ge\u00e7irilen bu program, UiPath AI agents ve Microsoft Copilot Studio gibi teknolojileriyle dijital d\u00f6n\u00fc\u015f\u00fcm alan\u0131nda uzmanlar yeti\u015ftirmeyi hedefliyor. Bu \u00e7evrimi\u00e7i e\u011fitim program\u0131nda, bilgisayar m\u00fchendisli\u011fi ve ilgili b\u00f6l\u00fcmlerden yeni mezun gen\u00e7ler UiPath platformu ve Microsoft\u2019un Copilot Studio ara\u00e7lar\u0131n\u0131 kullanarak generative AI tabanl\u0131 [&hellip;]<\/p>\n","protected":false},"author":1,"featured_media":0,"parent":0,"menu_order":0,"comment_status":"closed","ping_status":"closed","template":"","meta":{"inline_featured_image":false,"footnotes":""},"class_list":["post-9925","page","type-page","status-publish","hentry"],"_links":{"self":[{"href":"https:\/\/wtechin.com\/tr\/wp-json\/wp\/v2\/pages\/9925","targetHints":{"allow":["GET"]}}],"collection":[{"href":"https:\/\/wtechin.com\/tr\/wp-json\/wp\/v2\/pages"}],"about":[{"href":"https:\/\/wtechin.com\/tr\/wp-json\/wp\/v2\/types\/page"}],"author":[{"embeddable":true,"href":"https:\/\/wtechin.com\/tr\/wp-json\/wp\/v2\/users\/1"}],"replies":[{"embeddable":true,"href":"https:\/\/wtechin.com\/tr\/wp-json\/wp\/v2\/comments?post=9925"}],"version-history":[{"count":42,"href":"https:\/\/wtechin.com\/tr\/wp-json\/wp\/v2\/pages\/9925\/revisions"}],"predecessor-version":[{"id":10036,"href":"https:\/\/wtechin.com\/tr\/wp-json\/wp\/v2\/pages\/9925\/revisions\/10036"}],"wp:attachment":[{"href":"https:\/\/wtechin.com\/tr\/wp-json\/wp\/v2\/media?parent=9925"}],"curies":[{"name":"wp","href":"https:\/\/api.w.org\/{rel}","templated":true}]}}